{"id":4313,"date":"2025-11-21T14:57:10","date_gmt":"2025-11-21T13:57:10","guid":{"rendered":"https:\/\/ocrg.opolskie.pl\/home\/"},"modified":"2025-12-30T08:53:37","modified_gmt":"2025-12-30T07:53:37","slug":"home","status":"publish","type":"page","link":"https:\/\/ocrg.opolskie.pl\/en\/","title":{"rendered":"Home"},"content":{"rendered":"\n<div class=\"wp-block-cover alignfull has-parallax hero__bg has-accent-1-color has-text-color has-link-color wp-elements-1be555d0db3feb4cd2aa70343346fbc1\" style=\"margin-top:0;margin-bottom:0;padding-top:100px;padding-right:var(--wp--preset--spacing--50);padding-bottom:100px;padding-left:var(--wp--preset--spacing--50);min-height:582px;aspect-ratio:unset;\"><div role=\"img\" aria-label=\"Zdj\u0119cie przedstawiaj\u0105ce panoram\u0119 Opola\" class=\"wp-block-cover__image-background wp-image-76 size-full has-parallax\" style=\"background-position:50% 50%;background-image:url(https:\/\/ocrg.opolskie.pl\/wp-content\/uploads\/2025\/11\/bnr.webp)\"><\/div><span aria-hidden=\"true\" class=\"wp-block-cover__background has-background-dim-0 has-background-dim\"><\/span><div class=\"wp-block-cover__inner-container has-global-padding is-layout-constrained wp-container-core-cover-is-layout-1962809f wp-block-cover-is-layout-constrained\">\n<h1 class=\"wp-block-heading has-text-align-center is-style-default has-base-color has-text-color has-link-color wp-elements-b39ab90811f9d5ccbd4d5c3b24b0ba33\" style=\"font-size:clamp(2.244rem, 2.244rem + ((1vw - 0.2rem) * 2.603), 4.1rem);\"><strong>We will help you develop your business<\/strong><\/h1>\n\n\n\n<p class=\"has-text-align-center o-typing- o-typing-faster delay-100ms has-base-color has-text-color has-link-color has-large-font-size wp-elements-54d1fd9ead60b7bbbc3aed5c8d1bd51b\" style=\"font-style:normal;font-weight:700\">OPOLE CENTER FOR ECONOMIC DEVELOPMENT <\/p>\n\n\n\n<p class=\"has-text-align-center o-typing- o-typing-faster delay-100ms has-base-color has-text-color has-link-color has-medium-font-size wp-elements-adacef113addd733736e5706828a4243\" style=\"font-style:normal;font-weight:600\">is a unit of the Opole Voivodeship Self-Government. Our tasks include stimulating economic activity, creating conditions for economic development, increasing the competitiveness and innovation level of the regional economy, and attracting and servicing investors.<\/p>\n\n\n\n<div class=\"wp-block-buttons is-content-justification-center is-layout-flex wp-container-core-buttons-is-layout-7d09e852 wp-block-buttons-is-layout-flex\" style=\"padding-right:0;padding-left:0\">\n<div class=\"wp-block-button is-style-fill\"><a class=\"wp-block-button__link has-contrast-color has-accent-1-background-color has-text-color has-background has-link-color has-border-color has-accent-1-border-color wp-element-button\" href=\"https:\/\/funduszeue.opolskie.pl\/\"><img decoding=\"async\" class=\"wp-image-79\" style=\"width: 35px;\" src=\"https:\/\/ocrg.opolskie.pl\/wp-content\/uploads\/2025\/11\/eu-btn-black.svg\" alt=\"\"\/> European Funds<\/a><\/div>\n\n\n\n<div class=\"wp-block-button is-style-outline is-style-outline--1\"><a class=\"wp-block-button__link has-link-color wp-element-button\" href=\"http:\/\/coi.opolskie.pl\/\"><img decoding=\"async\" class=\"wp-image-69\" style=\"width:35px\" src=\"https:\/\/ocrg.opolskie.pl\/wp-content\/uploads\/2025\/11\/inwestuj-w-opolskim-btn.svg\" alt=\"\"\/> Invest in Opole Region<\/a><\/div>\n<\/div>\n<\/div><\/div>\n\n<div class=\"wp-block-group alignfull is-style-section-1 animated fadeIn is-layout-flow wp-block-group-is-layout-flow is-style-section-1--2\" style=\"margin-top:0;margin-bottom:0;padding-top:var(--wp--preset--spacing--30);padding-right:0;padding-bottom:var(--wp--preset--spacing--50);padding-left:0\">\n<h2 class=\"wp-block-heading has-text-align-center animated fadeIn delay-200ms has-xx-large-font-size\" style=\"margin-top:var(--wp--preset--spacing--40);margin-bottom:var(--wp--preset--spacing--40)\"><strong>Ongoing Projects<\/strong><\/h2>\n\n\n\n<div class=\"wp-block-group has-global-padding is-layout-constrained wp-container-core-group-is-layout-f1f362a7 wp-block-group-is-layout-constrained\"><p><div class=\"ttf-projekty-trwajace\" role=\"region\" aria-label=\"Projekty trwaj\u0105ce\"><div class=\"ttf-projekty-pair\"><article class=\"ttf-projekt-item\"><h3 class=\"ttf-projekt-title\"><a class=\"ttf-projekt-link\" href=\"https:\/\/ocrg.opolskie.pl\/projekt\/dzialanie-5-5-adaptacyjnosc-pracodawcow-i-pracownikow-oraz-elastyczne-formy-zatrudnienia\/\">5.5 Opolskie Kadry Przysz\u0142o\u015bci<\/a><\/h3><\/article><article class=\"ttf-projekt-item\"><h3 class=\"ttf-projekt-title\"><a class=\"ttf-projekt-link\" href=\"https:\/\/ocrg.opolskie.pl\/projekt\/x-edycja-programu-mentoringu-biznesowego-wojewodztwa-opolskiego\/\">X edycja Programu Mentoringu Biznesowego Wojew\u00f3dztwa Opolskiego<\/a><\/h3><\/article><\/div><div class=\"ttf-projekty-pair\"><article class=\"ttf-projekt-item\"><h3 class=\"ttf-projekt-title\"><a class=\"ttf-projekt-link\" href=\"https:\/\/ocrg.opolskie.pl\/projekt\/brand4talents\/\">Brand4Talents<\/a><\/h3><\/article><article class=\"ttf-projekt-item\"><h3 class=\"ttf-projekt-title\"><a class=\"ttf-projekt-link\" href=\"https:\/\/ocrg.opolskie.pl\/projekt\/plan-dzialan-pomocy-technicznej-instytucji-posredniczacej-feo-2021-2027-na-2026-rok-opolskie-centrum-rozwoju-gospodarki\/\">Plan Dzia\u0142a\u0144 Pomocy Technicznej Instytucji Po\u015brednicz\u0105cej FEO 2021-2027 na 2026 rok (Opolskie Centrum Rozwoju Gospodarki)<\/a><\/h3><\/article><\/div><div class=\"ttf-projekty-pair\"><article class=\"ttf-projekt-item\"><h3 class=\"ttf-projekt-title\"><a class=\"ttf-projekt-link\" href=\"https:\/\/ocrg.opolskie.pl\/projekt\/dzialanie-5-11-ksztalcenie-ustawiczne-opolskie-stawia-na-rozwoj\/\">5.11 Opolskie stawia na rozw\u00f3j<\/a><\/h3><\/article><article class=\"ttf-projekt-item\"><h3 class=\"ttf-projekt-title\"><a class=\"ttf-projekt-link\" href=\"https:\/\/ocrg.opolskie.pl\/projekt\/1-7-opolskie-konkurencyjne-2\/\">1.7 Opolskie konkurencyjne 2<\/a><\/h3><\/article><\/div><div class=\"ttf-projekty-pair\"><article class=\"ttf-projekt-item\"><h3 class=\"ttf-projekt-title\"><a class=\"ttf-projekt-link\" href=\"https:\/\/ocrg.opolskie.pl\/projekt\/1-2-opolskie-innowacyjne-2\/\">1.2 Opolskie Innowacyjne 2<\/a><\/h3><\/article><article class=\"ttf-projekt-item\"><h3 class=\"ttf-projekt-title\"><a class=\"ttf-projekt-link\" href=\"https:\/\/ocrg.opolskie.pl\/projekt\/projekt-icear-integrated-circular-economy-action-plans-for-rural-areas\/\">PROJEKT ICEAR &#8211; INTEGRATED CIRCULAR ECONOMY ACTION PLANS FOR RURAL AREAS<\/a><\/h3><\/article><\/div><div class=\"ttf-projekty-pair\"><article class=\"ttf-projekt-item\"><h3 class=\"ttf-projekt-title\"><a class=\"ttf-projekt-link\" href=\"https:\/\/ocrg.opolskie.pl\/projekt\/projekt-rural-coop-rethinking-sustainable-and-integrated-development-in-non-urban-areas-cooperative-foresight-and-anticipation\/\">PROJEKT RURAL COOP &#8211; RETHINKING SUSTAINABLE AND INTEGRATED DEVELOPMENT IN NON-URBAN AREAS: COOPERATIVE FORESIGHT AND ANTICIPATION<\/a><\/h3><\/article><article class=\"ttf-projekt-item\"><h3 class=\"ttf-projekt-title\"><a class=\"ttf-projekt-link\" href=\"https:\/\/ocrg.opolskie.pl\/projekt\/dzialanie-5-11-ksztalcenie-ustawiczne-08-01-2025\/\">Dzia\u0142anie 5.11 Kszta\u0142cenie Ustawiczne<\/a><\/h3><\/article><\/div><div class=\"ttf-projekty-pair\"><article class=\"ttf-projekt-item\"><h3 class=\"ttf-projekt-title\"><a class=\"ttf-projekt-link\" href=\"https:\/\/ocrg.opolskie.pl\/projekt\/1-2-opolskie-innowacyjne\/\">1.2 Opolskie innowacyjne<\/a><\/h3><\/article><article class=\"ttf-projekt-item\"><h3 class=\"ttf-projekt-title\"><a class=\"ttf-projekt-link\" href=\"https:\/\/ocrg.opolskie.pl\/projekt\/1-7-opolskie-konkurencyjne\/\">1.7 Opolskie konkurencyjne<\/a><\/h3><\/article><\/div><div class=\"ttf-projekty-pair\"><article class=\"ttf-projekt-item\"><h3 class=\"ttf-projekt-title\"><a class=\"ttf-projekt-link\" href=\"https:\/\/ocrg.opolskie.pl\/projekt\/system-akredytacji-instytucji-otoczenia-biznesu-przydatne-informacje-1\/\">System akredytacji Instytucji Otoczenia Biznesu<\/a><\/h3><\/article><article class=\"ttf-projekt-item\"><h3 class=\"ttf-projekt-title\"><a class=\"ttf-projekt-link\" href=\"https:\/\/ocrg.opolskie.pl\/projekt\/projekt-smeorigin\/\">Projekt SMEOrigin &#8211; SMEs &#038; European original Geographical Indications<\/a><\/h3><\/article><\/div><div class=\"ttf-projekty-pair\"><article class=\"ttf-projekt-item\"><h3 class=\"ttf-projekt-title\"><a class=\"ttf-projekt-link\" href=\"https:\/\/ocrg.opolskie.pl\/projekt\/enaibler-enabling-al-driven-public-sector\/\">Enaibler &#8211; Enabling Al-driven public sector<\/a><\/h3><\/article><article class=\"ttf-projekt-item\"><h3 class=\"ttf-projekt-title\"><a class=\"ttf-projekt-link\" href=\"https:\/\/ocrg.opolskie.pl\/projekt\/europe-direct-opole\/\">EUROPE DIRECT Opole<\/a><\/h3><\/article><\/div><\/div>\n<\/div>\n\n\n\n<div class=\"wp-block-group has-global-padding is-layout-constrained wp-container-core-group-is-layout-f1f362a7 wp-block-group-is-layout-constrained\">\n<div class=\"wp-block-buttons is-content-justification-center is-layout-flex wp-container-core-buttons-is-layout-a89b3969 wp-block-buttons-is-layout-flex\">\n<div class=\"wp-block-button is-style-black-outline animated fadeIn\"><a class=\"wp-block-button__link wp-element-button\" href=\"https:\/\/ocrg.opolskie.pl\/projekty\/projekty-zakonczone\/\" style=\"padding-top:var(--wp--preset--spacing--30);padding-right:var(--wp--preset--spacing--50);padding-bottom:var(--wp--preset--spacing--30);padding-left:var(--wp--preset--spacing--50)\">Completed Projects<\/a><\/div>\n<\/div>\n<\/div>\n<\/div>\n\n<h2 class=\"wp-block-heading has-text-align-center animated fadeIn delay-100ms has-xx-large-font-size\" style=\"margin-top:var(--wp--preset--spacing--40);margin-bottom:var(--wp--preset--spacing--40)\"><strong>News<\/strong><\/h2>\n<ul class=\"wp-block-latest-posts__list is-grid columns-3 has-dates wp-block-latest-posts_list--big animated fadeIn delay-100ms wp-block-latest-posts\"><\/ul>\n<div class=\"wp-block-buttons is-content-justification-right is-layout-flex wp-container-core-buttons-is-layout-23ce2ec2 wp-block-buttons-is-layout-flex\" style=\"padding-top:var(--wp--preset--spacing--20);padding-bottom:var(--wp--preset--spacing--30)\">\n<div class=\"wp-block-button is-style-black-outline animated fadeIn\"><a class=\"wp-block-button__link has-link-color wp-element-button\" href=\"https:\/\/www.facebook.com\/opolskiecentrumrozwojugospodarki\/\"><img decoding=\"async\" class=\"wp-image-74\" style=\"width:35px\" src=\"https:\/\/ocrg.opolskie.pl\/wp-content\/uploads\/2025\/11\/fb.svg\" alt=\"Facebook \"\/> Visit us on Facebook<\/a><\/div>\n\n\n\n<div class=\"wp-block-button is-style-fill animated fadeIn\"><a class=\"wp-block-button__link has-contrast-color has-accent-1-background-color has-text-color has-background has-link-color has-border-color has-accent-1-border-color wp-element-button\" href=\"https:\/\/ocrg.opolskie.pl\/category\/aktualnosci\/\" style=\"padding-top:23px;padding-bottom:23px\"> All News<\/a><\/div>\n<\/div>\n\n<div class=\"wp-block-group alignfull is-style-section-1 newsletter__bg has-base-color has-text-color has-link-color wp-elements-c3ef3c10fdd62b468ce5cf17aee4732a is-layout-flow wp-block-group-is-layout-flow has-background is-style-section-1--3\" style=\"margin-top:var(--wp--preset--spacing--30);margin-bottom:0;padding-top:var(--wp--preset--spacing--60);padding-right:0;padding-bottom:var(--wp--preset--spacing--60);padding-left:0;background-image:url(&apos;https:\/\/ocrg.opolskie.pl\/wp-content\/uploads\/2025\/11\/bg-newsletter.webp&apos;);background-position:50% 57.99999999999999%;background-size:cover;background-attachment:fixed;\">\n<div class=\"wp-block-group has-global-padding is-layout-constrained wp-container-core-group-is-layout-f1f362a7 wp-block-group-is-layout-constrained\">\n<div class=\"wp-block-columns is-layout-flex wp-container-core-columns-is-layout-28f84493 wp-block-columns-is-layout-flex\">\n<div class=\"wp-block-column is-vertically-aligned-center hide-on-mobile is-layout-flow wp-block-column-is-layout-flow\" style=\"flex-basis:35%\">\n<figure class=\"wp-block-image size-full is-resized\" style=\"margin-left:var(--wp--preset--spacing--30)\"><img loading=\"lazy\" decoding=\"async\" width=\"500\" height=\"500\" src=\"https:\/\/ocrg.opolskie.pl\/wp-content\/uploads\/2025\/11\/ico-newsletter.webp\" alt=\"\" class=\"wp-image-72\" style=\"width:341px\" srcset=\"https:\/\/ocrg.opolskie.pl\/wp-content\/uploads\/2025\/11\/ico-newsletter.webp 500w, https:\/\/ocrg.opolskie.pl\/wp-content\/uploads\/2025\/11\/ico-newsletter-300x300.webp 300w, https:\/\/ocrg.opolskie.pl\/wp-content\/uploads\/2025\/11\/ico-newsletter-150x150.webp 150w\" sizes=\"auto, (max-width: 500px) 100vw, 500px\" \/><\/figure>\n<\/div>\n\n\n\n<div class=\"wp-block-column is-layout-flow wp-block-column-is-layout-flow\" style=\"flex-basis:65%\">\n<h2 class=\"wp-block-heading has-text-align-left animated fadeIn delay-200ms has-xx-large-font-size\" style=\"margin-top:0;margin-bottom:var(--wp--preset--spacing--30)\"><strong>Newsletter<\/strong><\/h2>\n\n\n\n<p class=\"has-large-font-size\">Stay up to date with our activities and events!<br\/>Sign up for the newsletter and receive updates in your email inbox.<\/p>\n\n\n<p>  \n  \n  <div class=\"\n    mailpoet_form_popup_overlay\n      \"><\/div>\n  <div\n    id=\"mailpoet_form_1\"\n    class=\"\n      mailpoet_form\n      mailpoet_form_shortcode\n      mailpoet_form_position_\n      mailpoet_form_animation_\n    \"\n      >\n\n    <style type=\"text\/css\">\n     #mailpoet_form_1 .mailpoet_form {  }\n#mailpoet_form_1 .mailpoet_column_with_background { padding: 10px; }\n#mailpoet_form_1 .mailpoet_form_column:not(:first-child) { margin-left: 20px; }\n#mailpoet_form_1 .mailpoet_paragraph { line-height: 20px; margin-bottom: 20px; }\n#mailpoet_form_1 .mailpoet_segment_label, #mailpoet_form_1 .mailpoet_text_label, #mailpoet_form_1 .mailpoet_textarea_label, #mailpoet_form_1 .mailpoet_select_label, #mailpoet_form_1 .mailpoet_radio_label, #mailpoet_form_1 .mailpoet_checkbox_label, #mailpoet_form_1 .mailpoet_list_label, #mailpoet_form_1 .mailpoet_date_label { display: block; font-weight: normal; }\n#mailpoet_form_1 .mailpoet_text, #mailpoet_form_1 .mailpoet_textarea, #mailpoet_form_1 .mailpoet_select, #mailpoet_form_1 .mailpoet_date_month, #mailpoet_form_1 .mailpoet_date_day, #mailpoet_form_1 .mailpoet_date_year, #mailpoet_form_1 .mailpoet_date { display: block; }\n#mailpoet_form_1 .mailpoet_text, #mailpoet_form_1 .mailpoet_textarea { width: 200px; }\n#mailpoet_form_1 .mailpoet_checkbox {  }\n#mailpoet_form_1 .mailpoet_submit {  }\n#mailpoet_form_1 .mailpoet_divider {  }\n#mailpoet_form_1 .mailpoet_message {  }\n#mailpoet_form_1 .mailpoet_form_loading { width: 30px; text-align: center; line-height: normal; }\n#mailpoet_form_1 .mailpoet_form_loading > span { width: 5px; height: 5px; background-color: #5b5b5b; }#mailpoet_form_1{border-radius: 29px;text-align: left;}#mailpoet_form_1 form.mailpoet_form {padding: 0px;}#mailpoet_form_1{width: 100%;}#mailpoet_form_1 .mailpoet_message {margin: 0; padding: 0 20px;}#mailpoet_form_1 .mailpoet_paragraph.last {margin-bottom: 0} @media (max-width: 500px) {#mailpoet_form_1 {background-image: none;}} @media (min-width: 500px) {#mailpoet_form_1 .last .mailpoet_paragraph:last-child {margin-bottom: 0}}  @media (max-width: 500px) {#mailpoet_form_1 .mailpoet_form_column:last-child .mailpoet_paragraph:last-child {margin-bottom: 0}} \n    <\/style>\n\n    <form\n      target=\"_self\"\n      method=\"post\"\n      action=\"https:\/\/ocrg.opolskie.pl\/wp-admin\/admin-post.php?action=mailpoet_subscription_form\"\n      class=\"mailpoet_form mailpoet_form_form mailpoet_form_shortcode\"\n      novalidate\n      data-delay=\"\"\n      data-exit-intent-enabled=\"\"\n      data-font-family=\"\"\n      data-cookie-expiration-time=\"\"\n    >\n      <input type=\"hidden\" name=\"data[form_id]\" value=\"1\" \/>\n      <input type=\"hidden\" name=\"token\" value=\"915d9caec9\" \/>\n      <input type=\"hidden\" name=\"api_version\" value=\"v1\" \/>\n      <input type=\"hidden\" name=\"endpoint\" value=\"subscribers\" \/>\n      <input type=\"hidden\" name=\"mailpoet_method\" value=\"subscribe\" \/>\n\n      <label class=\"mailpoet_hp_email_label\" style=\"display: none !important;\">Please leave this field empty<input type=\"email\" name=\"data[email]\"\/><\/label><div class='mailpoet_form_columns_container'><div class=\"mailpoet_form_columns mailpoet_paragraph mailpoet_stack_on_mobile\"><div class=\"mailpoet_form_column\"><div class=\"mailpoet_paragraph \"><label for=\"form_email_1\" class=\"mailpoet_text_label\"  data-automation-id=\"form_email_label\" >Adres e-mail&nbsp;<span class=\"mailpoet_required\" aria-hidden=\"true\">*<\/span><\/label><input type=\"email\" autocomplete=\"email\" class=\"mailpoet_text\" id=\"form_email_1\" name=\"data[form_field_OTUwYzA3NDQyMzBmX2VtYWls]\" title=\"Adres e-mail\" value=\"\" style=\"width:100%;box-sizing:border-box;background-color:#ffffff;border-style:solid;border-radius:13px !important;border-width:0px;border-color:#313131;padding:20px;margin: 0 auto 0 0;\" data-automation-id=\"form_email\" data-parsley-errors-container=\".mailpoet_error_1m4xj\" data-parsley-required=\"true\" required aria-required=\"true\" data-parsley-minlength=\"6\" data-parsley-maxlength=\"150\" data-parsley-type-message=\"This value should be a valid email.\" data-parsley-required-message=\"This field is required.\"\/><span class=\"mailpoet_error_1m4xj\"><\/span><\/div>\n<\/div>\n<div class=\"mailpoet_form_column\"><div class=\"mailpoet_paragraph \"><label for=\"form_first_name_1\" class=\"mailpoet_text_label\"  data-automation-id=\"form_first_name_label\" >Imi\u0119&nbsp;<span class=\"mailpoet_required\" aria-hidden=\"true\">*<\/span><\/label><input type=\"text\" autocomplete=\"given-name\" class=\"mailpoet_text\" id=\"form_first_name_1\" name=\"data[form_field_MDEyZmUxZWQxNTEzX2ZpcnN0X25hbWU=]\" title=\"Imi\u0119\" value=\"\" style=\"width:100%;box-sizing:border-box;background-color:#ffffff;border-style:solid;border-radius:13px !important;border-width:0px;border-color:#313131;padding:20px;margin: 0 auto 0 0;\" data-automation-id=\"form_first_name\" data-parsley-errors-container=\".mailpoet_error_1pn2t\" data-parsley-names='[&quot;Please specify a valid name.&quot;,&quot;Addresses in names are not permitted, please add your name instead.&quot;]' data-parsley-required=\"true\" required aria-required=\"true\" data-parsley-required-message=\"This field is required.\"\/><span class=\"mailpoet_error_1pn2t\"><\/span><\/div>\n<\/div>\n<\/div><\/div>\n<div class=\"mailpoet_paragraph \"><fieldset><input type=\"hidden\" value=\"1\"  name=\"data[cf_1]\" \/><label class=\"mailpoet_checkbox_label\" for=\"mailpoet_checkbox_4\" ><input type=\"checkbox\" class=\"mailpoet_checkbox\" id=\"mailpoet_checkbox_4\" name=\"data[cf_1]\" value=\"1\" data-parsley-errors-container=\".mailpoet_error_128od\" data-parsley-required=\"true\" required aria-required=\"true\" data-parsley-required-message=\"This field is required.\" data-parsley-group=\"custom_field_1\" \/> Wyra\u017cam zgod\u0119 na przetwarzanie moich danych osobowych przez Opolskie Centrum Rozwoju Gospodarki w postaci adresu e-mail w celach zwi\u0105zanych z wysy\u0142k\u0105 newslettera. Wi\u0119cej informacji o przetwarzaniu danych osobowych: <a href=\"\/polityka-prywatnosci\" target=\"_blank\">Polityka prywatno\u015bci (odno\u015bnik otworzy si\u0119 w nowej karcie)<\/a> <\/label><\/fieldset><span class=\"mailpoet_error_128od\"><\/span><\/div>\n<div class=\"mailpoet_paragraph \"><input type=\"submit\" class=\"mailpoet_submit\" value=\"ZAPISZ SI\u0118\" data-automation-id=\"subscribe-submit-button\" style=\"background-color:#fcb900;border-style:solid;border-radius:18px !important;border-width:0px;border-color:#313131;padding:17px;margin: 0 auto 0 0;font-size:20px;line-height:1.5;height:auto;color:#313131;font-weight:bold;\" \/><span class=\"mailpoet_form_loading\"><span class=\"mailpoet_bounce1\"><\/span><span class=\"mailpoet_bounce2\"><\/span><span class=\"mailpoet_bounce3\"><\/span><\/span><\/div>\n\n      <div class=\"mailpoet_message\">\n        <p class=\"mailpoet_validate_success\"\n                style=\"display:none;\"\n                >Sprawd\u017a skrzynk\u0119 aby potwierdzi\u0107 sw\u00f3j e-mail.\n        <\/p>\n        <p class=\"mailpoet_validate_error\"\n                style=\"display:none;\"\n                >        <\/p>\n      <\/div>\n    <\/form>\n\n      <\/div>\n<\/div>\n<\/div>\n<\/div>\n<\/div>\n\n<div class=\"wp-block-group alignfull is-style-section-1 is-layout-flow wp-block-group-is-layout-flow is-style-section-1--5\" style=\"margin-top:0;margin-bottom:0;padding-top:var(--wp--preset--spacing--30);padding-right:0;padding-bottom:var(--wp--preset--spacing--50);padding-left:0\">\n<h2 class=\"wp-block-heading has-text-align-center animated fadeIn delay-200ms has-xx-large-font-size\" style=\"margin-top:var(--wp--preset--spacing--40);margin-bottom:var(--wp--preset--spacing--40)\"><strong>Events<\/strong><\/h2>\n\n\n<div id=\"ttf-events-carousel\" class=\"ttf-events-carousel-wrapper\" role=\"region\" aria-labelledby=\"ttf-events-heading\">\n        <div class=\"ttf-events-carousel-inner\">\n            <div class=\"ttf-dates-wrap\">\n                <div id=\"ttf-dates-splide\" class=\"splide\">\n                    <div class=\"splide__track\"><ul class=\"splide__list\"><\/ul><\/div>\n                <\/div>\n            <\/div>\n            <div class=\"ttf-events-area\">\n                <div class=\"ttf-featured\"><div class=\"ttf-featured-inner\" aria-hidden=\"false\"><\/div><\/div>\n                <div class=\"ttf-events-list\">\n                    <h3 id=\"ttf-events-heading\" class=\"ttf-events-heading\">Najbli\u017csze wydarzenia<\/h3>\n                    <ul id=\"ttf-events-list\" class=\"ttf-events-list-inner\" aria-live=\"polite\" aria-atomic=\"true\" tabindex=\"-1\"><\/ul>\n                    <div id=\"ttf-events-status\" class=\"ttf-sr-only\" role=\"status\" aria-live=\"polite\" aria-atomic=\"true\"><\/div>\n                <\/div>\n            <\/div>\n        <\/div>\n    <\/div>\n    <script id=\"ttf-initial-events\" type=\"application\/json\">\n    []    <\/script>\n\n\n\n<div class=\"wp-block-group has-global-padding is-layout-constrained wp-container-core-group-is-layout-f1f362a7 wp-block-group-is-layout-constrained\">\n<div class=\"wp-block-columns is-layout-flex wp-container-core-columns-is-layout-28f84493 wp-block-columns-is-layout-flex\">\n<div class=\"wp-block-column is-layout-flow wp-block-column-is-layout-flow\"><\/div>\n\n\n\n<div class=\"wp-block-column is-layout-flow wp-block-column-is-layout-flow\">\n<div class=\"wp-block-buttons is-content-justification-right is-layout-flex wp-container-core-buttons-is-layout-d445cf74 wp-block-buttons-is-layout-flex\">\n<div class=\"wp-block-button is-style-black-outline animated fadeIn\"><a class=\"wp-block-button__link has-text-align-center wp-element-button\" href=\"\/events\" style=\"padding-top:var(--wp--preset--spacing--30);padding-right:var(--wp--preset--spacing--50);padding-bottom:var(--wp--preset--spacing--30);padding-left:var(--wp--preset--spacing--50)\">All Events<\/a><\/div>\n<\/div>\n<\/div>\n<\/div>\n<\/div>\n<\/div>\n\n<p><\/p>\n","protected":false},"excerpt":{"rendered":"<p>Ongoing Projects News Newsletter Stay up to date with our activities and events!Sign up for the newsletter and receive updates in your email inbox. Events<\/p>\n","protected":false},"author":1,"featured_media":0,"parent":0,"menu_order":0,"comment_status":"closed","ping_status":"closed","template":"strona-glowna","meta":{"_acf_changed":false,"_EventAllDay":false,"_EventTimezone":"","_EventStartDate":"","_EventEndDate":"","_EventStartDateUTC":"","_EventEndDateUTC":"","_EventShowMap":false,"_EventShowMapLink":false,"_EventURL":"","_EventCost":"","_EventCostDescription":"","_EventCurrencySymbol":"","_EventCurrencyCode":"","_EventCurrencyPosition":"","_EventDateTimeSeparator":"","_EventTimeRangeSeparator":"","_EventOrganizerID":[],"_EventVenueID":[],"_OrganizerEmail":"","_OrganizerPhone":"","_OrganizerWebsite":"","_VenueAddress":"","_VenueCity":"","_VenueCountry":"","_VenueProvince":"","_VenueState":"","_VenueZip":"","_VenuePhone":"","_VenueURL":"","_VenueStateProvince":"","_VenueLat":"","_VenueLng":"","_VenueShowMap":false,"_VenueShowMapLink":false,"footnotes":""},"class_list":["post-4313","page","type-page","status-publish","hentry"],"acf":[],"_links":{"self":[{"href":"https:\/\/ocrg.opolskie.pl\/en\/wp-json\/wp\/v2\/pages\/4313","targetHints":{"allow":["GET"]}}],"collection":[{"href":"https:\/\/ocrg.opolskie.pl\/en\/wp-json\/wp\/v2\/pages"}],"about":[{"href":"https:\/\/ocrg.opolskie.pl\/en\/wp-json\/wp\/v2\/types\/page"}],"author":[{"embeddable":true,"href":"https:\/\/ocrg.opolskie.pl\/en\/wp-json\/wp\/v2\/users\/1"}],"replies":[{"embeddable":true,"href":"https:\/\/ocrg.opolskie.pl\/en\/wp-json\/wp\/v2\/comments?post=4313"}],"version-history":[{"count":5,"href":"https:\/\/ocrg.opolskie.pl\/en\/wp-json\/wp\/v2\/pages\/4313\/revisions"}],"predecessor-version":[{"id":4326,"href":"https:\/\/ocrg.opolskie.pl\/en\/wp-json\/wp\/v2\/pages\/4313\/revisions\/4326"}],"wp:attachment":[{"href":"https:\/\/ocrg.opolskie.pl\/en\/wp-json\/wp\/v2\/media?parent=4313"}],"curies":[{"name":"wp","href":"https:\/\/api.w.org\/{rel}","templated":true}]}}